{"id":859,"date":"2019-09-06T07:50:00","date_gmt":"2019-09-06T06:50:00","guid":{"rendered":"http:\/\/www.solfruit.test\/?page_id=859"},"modified":"2019-09-06T07:50:01","modified_gmt":"2019-09-06T06:50:01","slug":"descargo-de-responsabilidad","status":"publish","type":"page","link":"https:\/\/www.solfruit.de\/?page_id=859&lang=es","title":{"rendered":"Descargo de responsabilidad"},"content":{"rendered":"\n<p><strong>La responsabilidad por el contenido<\/strong><\/p>\n<p>Hacemos\u00a0lo mejor para mantener el contenido en nuestra pagina web actualizada. A pesar de esto no se acepta ninguna responsabilidad.<\/p>\n<p>Como proveedor de servicios somos responsables de acuerdo al \u00a7 7, apartado 1 del TMG por el contenido de esta pagina web\u00a0bajo las leyes generales.<\/p>\n<p>De acuerdo con \u00a7 \u00a7 8-10 TMG nosotros como proveedores de servicios no\u00a0somos obligados a controlar la informaci\u00f3n transmitida o almacenada a traves de terceros. Estando al tanto de cualquier lesi\u00f3n, eliminaremos el contenido de inmediato. La responsabilidad en este sentido, aceptamos s\u00f3lo desde la fecha de conocimiento de una lesion ilegal.<\/p>\n<p><strong>Responsibilidad posible para los enlaces<\/strong><\/p>\n<p>Nuestra pagina web\u00a0contiene enlaces a paginas web externas sobre las cuales no tenemos control. Por el contenido de\u00a0eestas paginas\u00a0ligadas siempre es responsable el oferente u operador de tales paginas web. Por el contenido y la exactitud de la informaci\u00f3n\u00a0de las paginas\u00a0web vinculadas de otros proveedores de informaci\u00f3n no nos responsabilizamos ni damos garantia.<\/p>\n<p>Las paginas web vinculadas fueron controladas en el momento de la vinculaci\u00f3n que no\u00a0viola la ley. Tras la notificaci\u00f3n de violaci\u00f3nes, eliminaremos de inmediato estos v\u00ednculos.<\/p>\n<p><strong>Derecho de Autor<\/strong><\/p>\n<p>El contenido y las\u00a0creaciones en estas paginas web se incorporan\u00a0a la ley de derechos de autor alem\u00e1n. La reproducci\u00f3n, adaptaci\u00f3n, distribuci\u00f3n o cualquier tipo de explotaci\u00f3n fuera de los l\u00edmites del derecho de autor requieren el consentimiento escrito del autor o creador.<\/p>\n","protected":false},"excerpt":{"rendered":"<p>La responsabilidad por el contenido Hacemos\u00a0lo mejor para mantener el contenido en nuestra pagina web actualizada. A pesar de esto no se acepta ninguna responsabilidad. Como proveedor de servicios somos responsables de acuerdo al \u00a7 7, apartado 1 del TMG por el contenido de esta pagina web\u00a0bajo las leyes generales. De acuerdo con \u00a7 \u00a7 [&hellip;]<\/p>\n","protected":false},"author":1,"featured_media":0,"parent":782,"menu_order":12,"comment_status":"closed","ping_status":"closed","template":"","meta":{"footnotes":""},"class_list":["post-859","page","type-page","status-publish","hentry"],"_links":{"self":[{"href":"https:\/\/www.solfruit.de\/index.php?rest_route=\/wp\/v2\/pages\/859","targetHints":{"allow":["GET"]}}],"collection":[{"href":"https:\/\/www.solfruit.de\/index.php?rest_route=\/wp\/v2\/pages"}],"about":[{"href":"https:\/\/www.solfruit.de\/index.php?rest_route=\/wp\/v2\/types\/page"}],"author":[{"embeddable":true,"href":"https:\/\/www.solfruit.de\/index.php?rest_route=\/wp\/v2\/users\/1"}],"replies":[{"embeddable":true,"href":"https:\/\/www.solfruit.de\/index.php?rest_route=%2Fwp%2Fv2%2Fcomments&post=859"}],"version-history":[{"count":1,"href":"https:\/\/www.solfruit.de\/index.php?rest_route=\/wp\/v2\/pages\/859\/revisions"}],"predecessor-version":[{"id":860,"href":"https:\/\/www.solfruit.de\/index.php?rest_route=\/wp\/v2\/pages\/859\/revisions\/860"}],"up":[{"embeddable":true,"href":"https:\/\/www.solfruit.de\/index.php?rest_route=\/wp\/v2\/pages\/782"}],"wp:attachment":[{"href":"https:\/\/www.solfruit.de\/index.php?rest_route=%2Fwp%2Fv2%2Fmedia&parent=859"}],"curies":[{"name":"wp","href":"https:\/\/api.w.org\/{rel}","templated":true}]}}