{"id":791,"date":"2019-09-05T10:32:23","date_gmt":"2019-09-05T09:32:23","guid":{"rendered":"http:\/\/www.solfruit.test\/?page_id=791"},"modified":"2019-09-05T10:32:24","modified_gmt":"2019-09-05T09:32:24","slug":"links","status":"publish","type":"page","link":"https:\/\/www.solfruit.de\/?page_id=791&lang=en","title":{"rendered":"Links"},"content":{"rendered":"\n<p><a href=\"http:\/\/www.landesverband-fruechte-bw.de\/\" target=\"_blank\" rel=\"noopener noreferrer\">Landesverband Baden-W\u00fcrttemberg des Fr\u00fcchte-Import und -Gro\u00dfhandels e.V.<\/a><\/p>\n<p><a href=\"http:\/\/www.fruchtportal.de\" target=\"_blank\" rel=\"noopener noreferrer\">Fruchtportal.de<\/a><\/p>\n","protected":false},"excerpt":{"rendered":"<p>Landesverband Baden-W\u00fcrttemberg des Fr\u00fcchte-Import und -Gro\u00dfhandels e.V. Fruchtportal.de<\/p>\n","protected":false},"author":1,"featured_media":0,"parent":780,"menu_order":10,"comment_status":"closed","ping_status":"closed","template":"","meta":{"footnotes":""},"class_list":["post-791","page","type-page","status-publish","hentry"],"_links":{"self":[{"href":"https:\/\/www.solfruit.de\/index.php?rest_route=\/wp\/v2\/pages\/791","targetHints":{"allow":["GET"]}}],"collection":[{"href":"https:\/\/www.solfruit.de\/index.php?rest_route=\/wp\/v2\/pages"}],"about":[{"href":"https:\/\/www.solfruit.de\/index.php?rest_route=\/wp\/v2\/types\/page"}],"author":[{"embeddable":true,"href":"https:\/\/www.solfruit.de\/index.php?rest_route=\/wp\/v2\/users\/1"}],"replies":[{"embeddable":true,"href":"https:\/\/www.solfruit.de\/index.php?rest_route=%2Fwp%2Fv2%2Fcomments&post=791"}],"version-history":[{"count":1,"href":"https:\/\/www.solfruit.de\/index.php?rest_route=\/wp\/v2\/pages\/791\/revisions"}],"predecessor-version":[{"id":792,"href":"https:\/\/www.solfruit.de\/index.php?rest_route=\/wp\/v2\/pages\/791\/revisions\/792"}],"up":[{"embeddable":true,"href":"https:\/\/www.solfruit.de\/index.php?rest_route=\/wp\/v2\/pages\/780"}],"wp:attachment":[{"href":"https:\/\/www.solfruit.de\/index.php?rest_route=%2Fwp%2Fv2%2Fmedia&parent=791"}],"curies":[{"name":"wp","href":"https:\/\/api.w.org\/{rel}","templated":true}]}}